{"id":9,"date":"2022-08-26T02:38:24","date_gmt":"2022-08-26T02:38:24","guid":{"rendered":"https:\/\/institute.iium.edu.my\/iimu\/?page_id=9"},"modified":"2026-03-21T07:41:34","modified_gmt":"2026-03-21T07:41:34","slug":"home","status":"publish","type":"page","link":"https:\/\/institute.iium.edu.my\/iimu\/","title":{"rendered":"Home"},"content":{"rendered":"\t\t<div data-elementor-type=\"wp-page\" data-elementor-id=\"9\" class=\"elementor elementor-9\">\n\t\t\t\t\t\t<section class=\"elementor-section elementor-top-section elementor-element elementor-element-51e55d6 elementor-section-boxed elementor-section-height-default elementor-section-height-default wpr-particle-no wpr-jarallax-no wpr-parallax-no wpr-sticky-section-no\" data-id=\"51e55d6\" data-element_type=\"section\" data-e-type=\"section\">\n\t\t\t\t\t\t<div class=\"elementor-container elementor-column-gap-default\">\n\t\t\t\t\t<div class=\"elementor-column elementor-col-100 elementor-top-column elementor-element elementor-element-bd5e55d\" data-id=\"bd5e55d\" data-element_type=\"column\" data-e-type=\"column\">\n\t\t\t<div class=\"elementor-widget-wrap elementor-element-populated\">\n\t\t\t\t\t\t<div class=\"elementor-element elementor-element-8698384 elementor-widget elementor-widget-image\" data-id=\"8698384\" data-element_type=\"widget\" data-e-type=\"widget\" data-widget_type=\"image.default\">\n\t\t\t\t<div class=\"elementor-widget-container\">\n\t\t\t\t\t\t\t\t\t\t\t\t\t\t\t<img fetchpriority=\"high\" decoding=\"async\" width=\"1024\" height=\"576\" src=\"https:\/\/institute.iium.edu.my\/iimu\/wp-content\/uploads\/sites\/5\/2025\/08\/Copy-of-Website-IIMUPublication-1-1024x576.png\" class=\"attachment-large size-large wp-image-3030\" alt=\"\" srcset=\"https:\/\/institute.iium.edu.my\/iimu\/wp-content\/uploads\/sites\/5\/2025\/08\/Copy-of-Website-IIMUPublication-1-1024x576.png 1024w, https:\/\/institute.iium.edu.my\/iimu\/wp-content\/uploads\/sites\/5\/2025\/08\/Copy-of-Website-IIMUPublication-1-300x169.png 300w, https:\/\/institute.iium.edu.my\/iimu\/wp-content\/uploads\/sites\/5\/2025\/08\/Copy-of-Website-IIMUPublication-1-768x432.png 768w, https:\/\/institute.iium.edu.my\/iimu\/wp-content\/uploads\/sites\/5\/2025\/08\/Copy-of-Website-IIMUPublication-1-1536x864.png 1536w, https:\/\/institute.iium.edu.my\/iimu\/wp-content\/uploads\/sites\/5\/2025\/08\/Copy-of-Website-IIMUPublication-1.png 1920w\" sizes=\"(max-width: 1024px) 100vw, 1024px\" \/>\t\t\t\t\t\t\t\t\t\t\t\t\t\t\t<\/div>\n\t\t\t\t<\/div>\n\t\t\t\t<div class=\"elementor-element elementor-element-25843a9 elementor-widget elementor-widget-text-editor\" data-id=\"25843a9\" data-element_type=\"widget\" data-e-type=\"widget\" data-widget_type=\"text-editor.default\">\n\t\t\t\t<div class=\"elementor-widget-container\">\n\t\t\t\t\t\t\t\t\t<div style=\"position: absolute; left: -35255px;\"><p>Les casinos en ligne sont devenus de plus en plus populaires, attirant des milliers de joueurs. Ils offrent une exp\u00e9rience de jeu immersive et vari\u00e9e, o\u00f9 vous pouvez explorer diff\u00e9rents types de jeux. En effet, parmi les options disponibles, vous pouvez trouver des machines \u00e0 sous, des jeux de table, et bien plus encore. Un site comme <a href=\"https:\/\/fr-1win.com\/\">1Win<\/a> se distingue par ses offres de bonus attractifs qui permettent aux nouveaux joueurs de maximiser leur exp\u00e9rience de jeu d\u00e8s leur inscription. Les promotions continues et les bonus de d\u00e9p\u00f4t font de ces plateformes un choix privil\u00e9gi\u00e9 pour ceux qui souhaitent maximiser leurs gains. En jouant dans un casino en ligne, vous b\u00e9n\u00e9ficiez \u00e9galement de la possibilit\u00e9 de placer des paris sur une vari\u00e9t\u00e9 de jeux, rendant l&#8217;exp\u00e9rience encore plus palpitante.<\/p><p>Lorsqu&#8217;il s&#8217;agit de choisir un casino en ligne, plusieurs facteurs entrent en jeu, y compris la qualit\u00e9 des jeux et les options de paiement. Un autre aspect important \u00e0 consid\u00e9rer est la disponibilit\u00e9 des promotions, qui peuvent offrir des opportunit\u00e9s suppl\u00e9mentaires pour gagner. Par exemple, le site <a href=\"https:\/\/casinozer-france.app\/\">Casinozer<\/a> propose des bonus de bienvenue et des promotions r\u00e9guli\u00e8res, ce qui en fait une option attrayante pour les nouveaux joueurs. Ces incitations sont non seulement un excellent moyen d&#8217;attirer de nouveaux membres, mais elles permettent \u00e9galement aux joueurs de prolonger leur temps de jeu sans risquer beaucoup de leur propre argent. Cela contribue \u00e0 cr\u00e9er une atmosph\u00e8re de jeu plus engageante et excitante.<\/p><p>Les jeux de casino en direct sont une autre innovation qui a transform\u00e9 l&#8217;industrie du jeu en ligne. Ces jeux permettent aux joueurs de profiter d&#8217;une exp\u00e9rience de jeu r\u00e9elle depuis le confort de leur domicile. En visitant un site comme <a href=\"https:\/\/fr-winmachancecasino.com\/\">Ma Chance Casino<\/a>, vous pouvez d\u00e9couvrir une large gamme de jeux en direct, y compris le blackjack, la roulette et le baccarat, anim\u00e9s par de v\u00e9ritables croupiers. Cette interaction humaine ajoute une dimension suppl\u00e9mentaire au jeu, rendant chaque session unique et m\u00e9morable. De plus, la possibilit\u00e9 de placer des paris en temps r\u00e9el fait de ces jeux une option particuli\u00e8rement excitante pour les amateurs de sensations fortes.<\/p><p>Enfin, n&#8217;oublions pas les jackpots qui peuvent changer la vie. Les casinos en ligne proposent souvent des jeux avec des jackpots progressifs qui augmentent \u00e0 mesure que les joueurs placent des mises. Ces jackpots peuvent atteindre des sommes astronomiques, attirant de nombreux joueurs qui esp\u00e8rent tenter leur chance. Le <a href=\"https:\/\/roobet-play.fr\/\">Roobet Casino<\/a> est l&#8217;un des nombreux sites qui offrent de telles opportunit\u00e9s, ce qui en fait un endroit de choix pour ceux qui r\u00eavent de gains cons\u00e9quents. Avec une large s\u00e9lection de jeux \u00e0 jackpot, les joueurs ont constamment la chance de d\u00e9crocher le gros lot, ce qui rend l&#8217;exp\u00e9rience de jeu encore plus captivante.<\/p><\/div>\t\t\t\t\t\t\t\t<\/div>\n\t\t\t\t<\/div>\n\t\t\t\t\t<\/div>\n\t\t<\/div>\n\t\t\t\t\t<\/div>\n\t\t<\/section>\n\t\t\t\t<section class=\"elementor-section elementor-top-section elementor-element elementor-element-64782a0 elementor-section-boxed elementor-section-height-default elementor-section-height-default wpr-particle-no wpr-jarallax-no wpr-parallax-no wpr-sticky-section-no\" data-id=\"64782a0\" data-element_type=\"section\" data-e-type=\"section\">\n\t\t\t\t\t\t<div class=\"elementor-container elementor-column-gap-default\">\n\t\t\t\t\t<div class=\"elementor-column elementor-col-50 elementor-top-column elementor-element elementor-element-9444168\" data-id=\"9444168\" data-element_type=\"column\" data-e-type=\"column\">\n\t\t\t<div class=\"elementor-widget-wrap\">\n\t\t\t\t\t\t\t<\/div>\n\t\t<\/div>\n\t\t\t\t<div class=\"elementor-column elementor-col-50 elementor-top-column elementor-element elementor-element-ab77213\" data-id=\"ab77213\" data-element_type=\"column\" data-e-type=\"column\">\n\t\t\t<div class=\"elementor-widget-wrap\">\n\t\t\t\t\t\t\t<\/div>\n\t\t<\/div>\n\t\t\t\t\t<\/div>\n\t\t<\/section>\n\t\t\t\t<section class=\"elementor-section elementor-top-section elementor-element elementor-element-2ff0a6d elementor-section-boxed elementor-section-height-default elementor-section-height-default wpr-particle-no wpr-jarallax-no wpr-parallax-no wpr-sticky-section-no\" data-id=\"2ff0a6d\" data-element_type=\"section\" data-e-type=\"section\">\n\t\t\t\t\t\t<div class=\"elementor-container elementor-column-gap-default\">\n\t\t\t\t\t<div class=\"elementor-column elementor-col-14 elementor-top-column elementor-element elementor-element-ef2b700\" data-id=\"ef2b700\" data-element_type=\"column\" data-e-type=\"column\">\n\t\t\t<div class=\"elementor-widget-wrap elementor-element-populated\">\n\t\t\t\t\t\t\t<\/div>\n\t\t<\/div>\n\t\t\t\t<div class=\"elementor-column elementor-col-14 elementor-top-column elementor-element elementor-element-267e44a\" data-id=\"267e44a\" data-element_type=\"column\" data-e-type=\"column\">\n\t\t\t<div class=\"elementor-widget-wrap elementor-element-populated\">\n\t\t\t\t\t\t<div class=\"elementor-element elementor-element-24b0869 elementor-widget elementor-widget-heading\" data-id=\"24b0869\" data-element_type=\"widget\" data-e-type=\"widget\" data-widget_type=\"heading.default\">\n\t\t\t\t<div class=\"elementor-widget-container\">\n\t\t\t\t\t<h2 class=\"elementor-heading-title elementor-size-large\">28<\/h2>\t\t\t\t<\/div>\n\t\t\t\t<\/div>\n\t\t\t\t\t<\/div>\n\t\t<\/div>\n\t\t\t\t<div class=\"elementor-column elementor-col-14 elementor-top-column elementor-element elementor-element-81c36c6\" data-id=\"81c36c6\" data-element_type=\"column\" data-e-type=\"column\">\n\t\t\t<div class=\"elementor-widget-wrap\">\n\t\t\t\t\t\t\t<\/div>\n\t\t<\/div>\n\t\t\t\t<div class=\"elementor-column elementor-col-14 elementor-top-column elementor-element elementor-element-7154fda\" data-id=\"7154fda\" data-element_type=\"column\" data-e-type=\"column\">\n\t\t\t<div class=\"elementor-widget-wrap elementor-element-populated\">\n\t\t\t\t\t\t<div class=\"elementor-element elementor-element-558113f elementor-widget elementor-widget-heading\" data-id=\"558113f\" data-element_type=\"widget\" data-e-type=\"widget\" data-widget_type=\"heading.default\">\n\t\t\t\t<div class=\"elementor-widget-container\">\n\t\t\t\t\t<h2 class=\"elementor-heading-title elementor-size-large\">32<\/h2>\t\t\t\t<\/div>\n\t\t\t\t<\/div>\n\t\t\t\t\t<\/div>\n\t\t<\/div>\n\t\t\t\t<div class=\"elementor-column elementor-col-14 elementor-top-column elementor-element elementor-element-8ace890\" data-id=\"8ace890\" data-element_type=\"column\" data-e-type=\"column\">\n\t\t\t<div class=\"elementor-widget-wrap\">\n\t\t\t\t\t\t\t<\/div>\n\t\t<\/div>\n\t\t\t\t<div class=\"elementor-column elementor-col-14 elementor-top-column elementor-element elementor-element-d1ad29e\" data-id=\"d1ad29e\" data-element_type=\"column\" data-e-type=\"column\">\n\t\t\t<div class=\"elementor-widget-wrap elementor-element-populated\">\n\t\t\t\t\t\t<div class=\"elementor-element elementor-element-d501439 elementor-widget elementor-widget-heading\" data-id=\"d501439\" data-element_type=\"widget\" data-e-type=\"widget\" data-widget_type=\"heading.default\">\n\t\t\t\t<div class=\"elementor-widget-container\">\n\t\t\t\t\t<h2 class=\"elementor-heading-title elementor-size-large\">12<\/h2>\t\t\t\t<\/div>\n\t\t\t\t<\/div>\n\t\t\t\t\t<\/div>\n\t\t<\/div>\n\t\t\t\t<div class=\"elementor-column elementor-col-14 elementor-top-column elementor-element elementor-element-e19b34d\" data-id=\"e19b34d\" data-element_type=\"column\" data-e-type=\"column\">\n\t\t\t<div class=\"elementor-widget-wrap\">\n\t\t\t\t\t\t\t<\/div>\n\t\t<\/div>\n\t\t\t\t\t<\/div>\n\t\t<\/section>\n\t\t\t\t<section class=\"elementor-section elementor-top-section elementor-element elementor-element-06466fe elementor-section-boxed elementor-section-height-default elementor-section-height-default wpr-particle-no wpr-jarallax-no wpr-parallax-no wpr-sticky-section-no\" data-id=\"06466fe\" data-element_type=\"section\" data-e-type=\"section\">\n\t\t\t\t\t\t<div class=\"elementor-container elementor-column-gap-default\">\n\t\t\t\t\t<div class=\"elementor-column elementor-col-14 elementor-top-column elementor-element elementor-element-c8282ce\" data-id=\"c8282ce\" data-element_type=\"column\" data-e-type=\"column\">\n\t\t\t<div class=\"elementor-widget-wrap elementor-element-populated\">\n\t\t\t\t\t\t\t<\/div>\n\t\t<\/div>\n\t\t\t\t<div class=\"elementor-column elementor-col-14 elementor-top-column elementor-element elementor-element-6f01e34\" data-id=\"6f01e34\" data-element_type=\"column\" data-e-type=\"column\">\n\t\t\t<div class=\"elementor-widget-wrap elementor-element-populated\">\n\t\t\t\t\t\t<div class=\"elementor-element elementor-element-c4333db elementor-widget elementor-widget-heading\" data-id=\"c4333db\" data-element_type=\"widget\" data-e-type=\"widget\" data-widget_type=\"heading.default\">\n\t\t\t\t<div class=\"elementor-widget-container\">\n\t\t\t\t\t<h2 class=\"elementor-heading-title elementor-size-large\">Book<\/h2>\t\t\t\t<\/div>\n\t\t\t\t<\/div>\n\t\t\t\t\t<\/div>\n\t\t<\/div>\n\t\t\t\t<div class=\"elementor-column elementor-col-14 elementor-top-column elementor-element elementor-element-32b6e32\" data-id=\"32b6e32\" data-element_type=\"column\" data-e-type=\"column\">\n\t\t\t<div class=\"elementor-widget-wrap\">\n\t\t\t\t\t\t\t<\/div>\n\t\t<\/div>\n\t\t\t\t<div class=\"elementor-column elementor-col-14 elementor-top-column elementor-element elementor-element-cccd252\" data-id=\"cccd252\" data-element_type=\"column\" data-e-type=\"column\">\n\t\t\t<div class=\"elementor-widget-wrap elementor-element-populated\">\n\t\t\t\t\t\t<div class=\"elementor-element elementor-element-0a75b14 elementor-widget elementor-widget-heading\" data-id=\"0a75b14\" data-element_type=\"widget\" data-e-type=\"widget\" data-widget_type=\"heading.default\">\n\t\t\t\t<div class=\"elementor-widget-container\">\n\t\t\t\t\t<h2 class=\"elementor-heading-title elementor-size-large\">Journal<\/h2>\t\t\t\t<\/div>\n\t\t\t\t<\/div>\n\t\t\t\t\t<\/div>\n\t\t<\/div>\n\t\t\t\t<div class=\"elementor-column elementor-col-14 elementor-top-column elementor-element elementor-element-82ed68f\" data-id=\"82ed68f\" data-element_type=\"column\" data-e-type=\"column\">\n\t\t\t<div class=\"elementor-widget-wrap\">\n\t\t\t\t\t\t\t<\/div>\n\t\t<\/div>\n\t\t\t\t<div class=\"elementor-column elementor-col-14 elementor-top-column elementor-element elementor-element-eff9a74\" data-id=\"eff9a74\" data-element_type=\"column\" data-e-type=\"column\">\n\t\t\t<div class=\"elementor-widget-wrap elementor-element-populated\">\n\t\t\t\t\t\t<div class=\"elementor-element elementor-element-0cca9c2 elementor-widget elementor-widget-heading\" data-id=\"0cca9c2\" data-element_type=\"widget\" data-e-type=\"widget\" data-widget_type=\"heading.default\">\n\t\t\t\t<div class=\"elementor-widget-container\">\n\t\t\t\t\t<h2 class=\"elementor-heading-title elementor-size-large\">Bulletin<\/h2>\t\t\t\t<\/div>\n\t\t\t\t<\/div>\n\t\t\t\t\t<\/div>\n\t\t<\/div>\n\t\t\t\t<div class=\"elementor-column elementor-col-14 elementor-top-column elementor-element elementor-element-b33b43c\" data-id=\"b33b43c\" data-element_type=\"column\" data-e-type=\"column\">\n\t\t\t<div class=\"elementor-widget-wrap\">\n\t\t\t\t\t\t\t<\/div>\n\t\t<\/div>\n\t\t\t\t\t<\/div>\n\t\t<\/section>\n\t\t\t\t<section class=\"elementor-section elementor-top-section elementor-element elementor-element-0da8a06 elementor-section-boxed elementor-section-height-default elementor-section-height-default wpr-particle-no wpr-jarallax-no wpr-parallax-no wpr-sticky-section-no\" data-id=\"0da8a06\" data-element_type=\"section\" data-e-type=\"section\">\n\t\t\t\t\t\t<div class=\"elementor-container elementor-column-gap-default\">\n\t\t\t\t\t<div class=\"elementor-column elementor-col-14 elementor-top-column elementor-element elementor-element-18e9ac1\" data-id=\"18e9ac1\" data-element_type=\"column\" data-e-type=\"column\">\n\t\t\t<div class=\"elementor-widget-wrap elementor-element-populated\">\n\t\t\t\t\t\t\t<\/div>\n\t\t<\/div>\n\t\t\t\t<div class=\"elementor-column elementor-col-14 elementor-top-column elementor-element elementor-element-14d381f\" data-id=\"14d381f\" data-element_type=\"column\" data-e-type=\"column\">\n\t\t\t<div class=\"elementor-widget-wrap elementor-element-populated\">\n\t\t\t\t\t\t<div class=\"elementor-element elementor-element-502d38b elementor-widget elementor-widget-button\" data-id=\"502d38b\" data-element_type=\"widget\" data-e-type=\"widget\" data-widget_type=\"button.default\">\n\t\t\t\t<div class=\"elementor-widget-container\">\n\t\t\t\t\t\t\t\t\t<div class=\"elementor-button-wrapper\">\n\t\t\t\t\t<a class=\"elementor-button elementor-button-link elementor-size-sm\" href=\"https:\/\/institute.iium.edu.my\/iimu\/publication\/\">\n\t\t\t\t\t\t<span class=\"elementor-button-content-wrapper\">\n\t\t\t\t\t\t\t\t\t<span class=\"elementor-button-text\">Access Book Here<\/span>\n\t\t\t\t\t<\/span>\n\t\t\t\t\t<\/a>\n\t\t\t\t<\/div>\n\t\t\t\t\t\t\t\t<\/div>\n\t\t\t\t<\/div>\n\t\t\t\t\t<\/div>\n\t\t<\/div>\n\t\t\t\t<div class=\"elementor-column elementor-col-14 elementor-top-column elementor-element elementor-element-0073dad\" data-id=\"0073dad\" data-element_type=\"column\" data-e-type=\"column\">\n\t\t\t<div class=\"elementor-widget-wrap\">\n\t\t\t\t\t\t\t<\/div>\n\t\t<\/div>\n\t\t\t\t<div class=\"elementor-column elementor-col-14 elementor-top-column elementor-element elementor-element-28e57f0\" data-id=\"28e57f0\" data-element_type=\"column\" data-e-type=\"column\">\n\t\t\t<div class=\"elementor-widget-wrap elementor-element-populated\">\n\t\t\t\t\t\t<div class=\"elementor-element elementor-element-5660931 elementor-widget elementor-widget-button\" data-id=\"5660931\" data-element_type=\"widget\" data-e-type=\"widget\" data-widget_type=\"button.default\">\n\t\t\t\t<div class=\"elementor-widget-container\">\n\t\t\t\t\t\t\t\t\t<div class=\"elementor-button-wrapper\">\n\t\t\t\t\t<a class=\"elementor-button elementor-button-link elementor-size-sm\" href=\"https:\/\/ijmws.net\/ijmws\/index.php\/ijmws\/\">\n\t\t\t\t\t\t<span class=\"elementor-button-content-wrapper\">\n\t\t\t\t\t\t\t\t\t<span class=\"elementor-button-text\">Access IJMWS Here<\/span>\n\t\t\t\t\t<\/span>\n\t\t\t\t\t<\/a>\n\t\t\t\t<\/div>\n\t\t\t\t\t\t\t\t<\/div>\n\t\t\t\t<\/div>\n\t\t\t\t\t<\/div>\n\t\t<\/div>\n\t\t\t\t<div class=\"elementor-column elementor-col-14 elementor-top-column elementor-element elementor-element-cb3cd56\" data-id=\"cb3cd56\" data-element_type=\"column\" data-e-type=\"column\">\n\t\t\t<div class=\"elementor-widget-wrap\">\n\t\t\t\t\t\t\t<\/div>\n\t\t<\/div>\n\t\t\t\t<div class=\"elementor-column elementor-col-14 elementor-top-column elementor-element elementor-element-504ff45\" data-id=\"504ff45\" data-element_type=\"column\" data-e-type=\"column\">\n\t\t\t<div class=\"elementor-widget-wrap elementor-element-populated\">\n\t\t\t\t\t\t<div class=\"elementor-element elementor-element-71368d1 elementor-widget elementor-widget-button\" data-id=\"71368d1\" data-element_type=\"widget\" data-e-type=\"widget\" data-widget_type=\"button.default\">\n\t\t\t\t<div class=\"elementor-widget-container\">\n\t\t\t\t\t\t\t\t\t<div class=\"elementor-button-wrapper\">\n\t\t\t\t\t<a class=\"elementor-button elementor-button-link elementor-size-sm\" href=\"https:\/\/institute.iium.edu.my\/iimu\/bulletin\/\">\n\t\t\t\t\t\t<span class=\"elementor-button-content-wrapper\">\n\t\t\t\t\t\t\t\t\t<span class=\"elementor-button-text\">Access Bulletin Here<\/span>\n\t\t\t\t\t<\/span>\n\t\t\t\t\t<\/a>\n\t\t\t\t<\/div>\n\t\t\t\t\t\t\t\t<\/div>\n\t\t\t\t<\/div>\n\t\t\t\t\t<\/div>\n\t\t<\/div>\n\t\t\t\t<div class=\"elementor-column elementor-col-14 elementor-top-column elementor-element elementor-element-cde1f65\" data-id=\"cde1f65\" data-element_type=\"column\" data-e-type=\"column\">\n\t\t\t<div class=\"elementor-widget-wrap\">\n\t\t\t\t\t\t\t<\/div>\n\t\t<\/div>\n\t\t\t\t\t<\/div>\n\t\t<\/section>\n\t\t\t\t<section class=\"elementor-section elementor-top-section elementor-element elementor-element-5a81dfb elementor-section-boxed elementor-section-height-default elementor-section-height-default wpr-particle-no wpr-jarallax-no wpr-parallax-no wpr-sticky-section-no\" data-id=\"5a81dfb\" data-element_type=\"section\" data-e-type=\"section\">\n\t\t\t\t\t\t<div class=\"elementor-container elementor-column-gap-default\">\n\t\t\t\t\t<div class=\"elementor-column elementor-col-50 elementor-top-column elementor-element elementor-element-6a21d33\" data-id=\"6a21d33\" data-element_type=\"column\" data-e-type=\"column\">\n\t\t\t<div class=\"elementor-widget-wrap\">\n\t\t\t\t\t\t\t<\/div>\n\t\t<\/div>\n\t\t\t\t<div class=\"elementor-column elementor-col-50 elementor-top-column elementor-element elementor-element-50e2f30\" data-id=\"50e2f30\" data-element_type=\"column\" data-e-type=\"column\">\n\t\t\t<div class=\"elementor-widget-wrap\">\n\t\t\t\t\t\t\t<\/div>\n\t\t<\/div>\n\t\t\t\t\t<\/div>\n\t\t<\/section>\n\t\t\t\t<\/div>\n\t\t","protected":false},"excerpt":{"rendered":"<p>Les casinos en ligne sont devenus de plus en plus populaires, attirant des milliers de joueurs. Ils offrent une exp\u00e9rience de jeu immersive et vari\u00e9e, o\u00f9 vous pouvez explorer diff\u00e9rents types de jeux. En effet, parmi les options disponibles, vous pouvez trouver des machines \u00e0 sous, des jeux de table, et bien plus encore. Un<\/p>\n<p class=\"more-link\"><a href=\"https:\/\/institute.iium.edu.my\/iimu\/\" class=\"themebutton\">Read More<\/a><\/p>\n","protected":false},"author":9,"featured_media":0,"parent":0,"menu_order":0,"comment_status":"closed","ping_status":"closed","template":"","meta":{"footnotes":""},"class_list":["post-9","page","type-page","status-publish","hentry"],"_links":{"self":[{"href":"https:\/\/institute.iium.edu.my\/iimu\/wp-json\/wp\/v2\/pages\/9","targetHints":{"allow":["GET"]}}],"collection":[{"href":"https:\/\/institute.iium.edu.my\/iimu\/wp-json\/wp\/v2\/pages"}],"about":[{"href":"https:\/\/institute.iium.edu.my\/iimu\/wp-json\/wp\/v2\/types\/page"}],"author":[{"embeddable":true,"href":"https:\/\/institute.iium.edu.my\/iimu\/wp-json\/wp\/v2\/users\/9"}],"replies":[{"embeddable":true,"href":"https:\/\/institute.iium.edu.my\/iimu\/wp-json\/wp\/v2\/comments?post=9"}],"version-history":[{"count":107,"href":"https:\/\/institute.iium.edu.my\/iimu\/wp-json\/wp\/v2\/pages\/9\/revisions"}],"predecessor-version":[{"id":3199,"href":"https:\/\/institute.iium.edu.my\/iimu\/wp-json\/wp\/v2\/pages\/9\/revisions\/3199"}],"wp:attachment":[{"href":"https:\/\/institute.iium.edu.my\/iimu\/wp-json\/wp\/v2\/media?parent=9"}],"curies":[{"name":"wp","href":"https:\/\/api.w.org\/{rel}","templated":true}]}}