{"id":90,"date":"2022-08-26T07:40:11","date_gmt":"2022-08-26T07:40:11","guid":{"rendered":"https:\/\/institute.iium.edu.my\/iimu\/?page_id=90"},"modified":"2022-09-05T03:28:50","modified_gmt":"2022-09-05T03:28:50","slug":"conference","status":"publish","type":"page","link":"https:\/\/institute.iium.edu.my\/iimu\/conference\/","title":{"rendered":"Conference"},"content":{"rendered":"\n<figure class=\"wp-block-image size-full is-style-twentytwentyone-image-frame\"><img decoding=\"async\" src=\"https:\/\/institute.iium.edu.my\/iimu\/wp-content\/uploads\/sites\/5\/2022\/09\/\u00d9\u02c6\u00d8\u00a7\u00d9\u201a\u00d8\u00b9-\u00d8\u00aa\u00d8\u00b9\u00d9\u201e\u00d9\u0160\u00d9\u2026-\u00d8\u00a7\u00d9\u201e\u00d9\u201e\u00d8\u00ba\u00d8\u00a9-\u00d8\u00a7\u00d9\u201e\u00d8\u00b9\u00d8\u00b1\u00d8\u00a8\u00d9\u0160\u00d8\u00a9-\u00d8\u00a8\u00d8\u00a7\u00d9\u201e\u00d8\u00ac\u00d8\u00a7\u00d9\u2026\u00d8\u00b9\u00d8\u00a7\u00d8\u00aa-\u00d8\u00a7\u00d9\u201e\u00d9\u2026\u00d8\u00a7\u00d9\u201e\u00d9\u0160\u00d8\u00b2\u00d9\u0160\u00d8\u00a9-\u00d8\u00ae\u00d8\u00a8\u00d8\u00b1\u00d8\u00a7\u00d8\u00aa-\u00d9\u02c6\u00d8\u00aa\u00d8\u00ac\u00d8\u00a7\u00d8\u00b1\u00d8\u00a8-\u00d8\u00aa\u00d8\u00ad\u00d8\u00af\u00d9\u0160\u00d8\u00a7\u00d8\u00aa-\u00d9\u02c6\u00d8\u00ad\u00d9\u201e\u00d9\u02c6\u00d9\u201e-4-1024x576-1.png\" alt=\"\" class=\"wp-image-134\" \/><figcaption><strong>Conference Teaching Arabic for non-Arabic in Malaysia.<\/strong><br>In collaboration with Islamic World Educational, Scientific and Cultural Organization (ISESCO).<\/figcaption><\/figure>\n\n\n\n<hr class=\"wp-block-separator is-style-twentytwentyone-separator-thick\" \/>\n\n\n\n<figure class=\"wp-block-embed is-type-video is-provider-youtube wp-block-embed-youtube wp-embed-aspect-16-9 wp-has-aspect-ratio\"><div class=\"wp-block-embed__wrapper\">\n<iframe title=\"International Conference on Muslim Minority in  Africa: Realities and Prospects\" width=\"1170\" height=\"658\" src=\"https:\/\/www.youtube.com\/embed\/kefIXnPRZRw?feature=oembed\" frameborder=\"0\" allow=\"accelerometer; autoplay; clipboard-write; encrypted-media; gyroscope; picture-in-picture; web-share\" referrerpolicy=\"strict-origin-when-cross-origin\" allowfullscreen><\/iframe>\n<\/div><figcaption><strong>International Conference on Muslim Minority in Africa: Realities and Prospects<\/strong><br><em>14 July 2022<\/em><\/figcaption><\/figure>\n\n\n\n<hr class=\"wp-block-separator is-style-twentytwentyone-separator-thick\" \/>\n\n\n\n<figure class=\"wp-block-embed is-type-video is-provider-youtube wp-block-embed-youtube wp-embed-aspect-16-9 wp-has-aspect-ratio\"><div class=\"wp-block-embed__wrapper\">\n<iframe title=\"Muslim Minorities in Southeast Asia and the Subcontinent: Realities and Prospects\" width=\"1170\" height=\"658\" src=\"https:\/\/www.youtube.com\/embed\/658ArHCgKbM?feature=oembed\" frameborder=\"0\" allow=\"accelerometer; autoplay; clipboard-write; encrypted-media; gyroscope; picture-in-picture; web-share\" referrerpolicy=\"strict-origin-when-cross-origin\" allowfullscreen><\/iframe>\n<\/div><figcaption><strong>4th International Conference on Muslim Minorities in South East Asian and Subcontinent<\/strong><br><em>23 June 2022<\/em><\/figcaption><\/figure>\n\n\n\n<hr class=\"wp-block-separator is-style-twentytwentyone-separator-thick\" \/>\n\n\n\n<figure class=\"wp-block-embed is-type-video is-provider-youtube wp-block-embed-youtube wp-embed-aspect-16-9 wp-has-aspect-ratio\"><div class=\"wp-block-embed__wrapper\">\n<iframe title=\"Muslim Minorities in Germany: An Insight into Lives and Practices\" width=\"1170\" height=\"658\" src=\"https:\/\/www.youtube.com\/embed\/GT7cUqLbLDc?feature=oembed\" frameborder=\"0\" allow=\"accelerometer; autoplay; clipboard-write; encrypted-media; gyroscope; picture-in-picture; web-share\" referrerpolicy=\"strict-origin-when-cross-origin\" allowfullscreen><\/iframe>\n<\/div><figcaption><strong>International Conference World Muslim Minorities<br>Muslim Minorities in Germany: An Insight into Lives &amp; Practices<\/strong><br><em>21 March 2022<\/em><\/figcaption><\/figure>\n\n\n\n<hr class=\"wp-block-separator is-style-twentytwentyone-separator-thick\" \/>\n\n\n\n<figure class=\"wp-block-embed is-type-video is-provider-youtube wp-block-embed-youtube wp-embed-aspect-16-9 wp-has-aspect-ratio\"><div class=\"wp-block-embed__wrapper\">\n<iframe title=\"World Muslim Minorities : Challenges and Opportunities\" width=\"1170\" height=\"658\" src=\"https:\/\/www.youtube.com\/embed\/MEtL2nvDaAI?feature=oembed\" frameborder=\"0\" allow=\"accelerometer; autoplay; clipboard-write; encrypted-media; gyroscope; picture-in-picture; web-share\" referrerpolicy=\"strict-origin-when-cross-origin\" allowfullscreen><\/iframe>\n<\/div><figcaption><strong>International Conference World Muslim Minorities<\/strong><br><strong>Muslim Minorities in China-Xinjiang (Uyghur): Sharing Experiences &amp; a Way Forward<\/strong>.<br><em>14 January 2022<\/em><\/figcaption><\/figure>\n\n\n\n<hr class=\"wp-block-separator is-style-twentytwentyone-separator-thick\" \/>\n\n\n\n<p><a href=\"https:\/\/youtu.be\/uWxIei39NUg\">https:\/\/youtu.be\/uWxIei39NUg<\/a> International conference on Eradication of Poverty: Successful Case Study<br>3 January 2022<\/p>\n\n\n\n<p>Conference on Eradication of Poverty: The Role of Financial Organization in Combating Poverty<br>Date: 6 January 2022<\/p>\n\n\n\n<p>Financial Resources and Poverty Eradication<br>Date: 18 December 2021<\/p>\n\n\n\n<hr class=\"wp-block-separator is-style-twentytwentyone-separator-thick\" \/>\n\n\n\n<figure class=\"wp-block-embed is-type-video is-provider-youtube wp-block-embed-youtube wp-embed-aspect-16-9 wp-has-aspect-ratio\"><div class=\"wp-block-embed__wrapper\">\n<iframe title=\"Successful Experiences of Combating Poverty Amid Covid-19 Pandemic (IIMU)\" width=\"1170\" height=\"658\" src=\"https:\/\/www.youtube.com\/embed\/9UqDtuE7BB8?feature=oembed\" frameborder=\"0\" allow=\"accelerometer; autoplay; clipboard-write; encrypted-media; gyroscope; picture-in-picture; web-share\" referrerpolicy=\"strict-origin-when-cross-origin\" allowfullscreen><\/iframe>\n<\/div><figcaption><strong>Successful Experiences of Combating Poverty Amid Covid-19 Pandemic (IIMU)<\/strong><br><em>11 December 2021<\/em><\/figcaption><\/figure>\n\n\n\n<hr class=\"wp-block-separator is-style-twentytwentyone-separator-thick\" \/>\n\n\n\n<figure class=\"wp-block-embed is-type-video is-provider-youtube wp-block-embed-youtube wp-embed-aspect-16-9 wp-has-aspect-ratio\"><div class=\"wp-block-embed__wrapper\">\n<iframe title=\"INTERNATIONAL CONFERENCE ERADICATION OF POVERTY\" width=\"1170\" height=\"658\" src=\"https:\/\/www.youtube.com\/embed\/wjtkfxRVlD4?feature=oembed\" frameborder=\"0\" allow=\"accelerometer; autoplay; clipboard-write; encrypted-media; gyroscope; picture-in-picture; web-share\" referrerpolicy=\"strict-origin-when-cross-origin\" allowfullscreen><\/iframe>\n<\/div><figcaption><strong>International Conference: Eradication of Poverty<\/strong><br><em>4 December 2021<\/em><\/figcaption><\/figure>\n","protected":false},"excerpt":{"rendered":"<p>https:\/\/youtu.be\/uWxIei39NUg International conference on Eradication of Poverty: Successful Case Study3 January 2022 Conference on Eradication of Poverty: The Role of Financial Organization in Combating PovertyDate: 6 January 2022 Financial Resources and Poverty EradicationDate: 18 December 2021<\/p>\n","protected":false},"author":9,"featured_media":0,"parent":0,"menu_order":0,"comment_status":"closed","ping_status":"closed","template":"","meta":{"footnotes":""},"class_list":["post-90","page","type-page","status-publish","hentry"],"_links":{"self":[{"href":"https:\/\/institute.iium.edu.my\/iimu\/wp-json\/wp\/v2\/pages\/90","targetHints":{"allow":["GET"]}}],"collection":[{"href":"https:\/\/institute.iium.edu.my\/iimu\/wp-json\/wp\/v2\/pages"}],"about":[{"href":"https:\/\/institute.iium.edu.my\/iimu\/wp-json\/wp\/v2\/types\/page"}],"author":[{"embeddable":true,"href":"https:\/\/institute.iium.edu.my\/iimu\/wp-json\/wp\/v2\/users\/9"}],"replies":[{"embeddable":true,"href":"https:\/\/institute.iium.edu.my\/iimu\/wp-json\/wp\/v2\/comments?post=90"}],"version-history":[{"count":9,"href":"https:\/\/institute.iium.edu.my\/iimu\/wp-json\/wp\/v2\/pages\/90\/revisions"}],"predecessor-version":[{"id":1400,"href":"https:\/\/institute.iium.edu.my\/iimu\/wp-json\/wp\/v2\/pages\/90\/revisions\/1400"}],"wp:attachment":[{"href":"https:\/\/institute.iium.edu.my\/iimu\/wp-json\/wp\/v2\/media?parent=90"}],"curies":[{"name":"wp","href":"https:\/\/api.w.org\/{rel}","templated":true}]}}